{"id":40,"date":"2024-06-03T12:54:32","date_gmt":"2024-06-03T12:54:32","guid":{"rendered":"https:\/\/www.escalatuempresa.com\/?page_id=40"},"modified":"2024-06-14T11:34:01","modified_gmt":"2024-06-14T11:34:01","slug":"calling-schedule-page","status":"publish","type":"page","link":"http:\/\/www.escalatuempresa.com\/index.php\/calling-schedule-page\/","title":{"rendered":"CALLING SCHEDULE PAGE"},"content":{"rendered":"\t\t<div data-elementor-type=\"wp-page\" data-elementor-id=\"40\" class=\"elementor elementor-40\" data-elementor-post-type=\"page\">\n\t\t\t\t\t\t<section class=\"elementor-section elementor-top-section elementor-element elementor-element-53cf0712 elementor-section-boxed elementor-section-height-default elementor-section-height-default\" data-id=\"53cf0712\" data-element_type=\"section\" data-settings=\"{&quot;background_background&quot;:&quot;classic&quot;}\">\n\t\t\t\t\t\t<div class=\"elementor-container elementor-column-gap-default\">\n\t\t\t\t\t<div class=\"elementor-column elementor-col-100 elementor-top-column elementor-element elementor-element-37263fa2\" data-id=\"37263fa2\" data-element_type=\"column\">\n\t\t\t<div class=\"elementor-widget-wrap elementor-element-populated\">\n\t\t\t\t\t\t<div class=\"elementor-element elementor-element-2e6ac1e4 elementor-widget elementor-widget-heading\" data-id=\"2e6ac1e4\" data-element_type=\"widget\" data-widget_type=\"heading.default\">\n\t\t\t\t<div class=\"elementor-widget-container\">\n\t\t\t\t\t<h2 class=\"elementor-heading-title elementor-size-default\">Est\u00e1s a un solo paso de acceder a la formaci\u00f3n de Escala Tu Empresa<\/h2>\t\t\t\t<\/div>\n\t\t\t\t<\/div>\n\t\t\t\t<div class=\"elementor-element elementor-element-254a2427 elementor-widget elementor-widget-text-editor\" data-id=\"254a2427\" data-element_type=\"widget\" data-widget_type=\"text-editor.default\">\n\t\t\t\t<div class=\"elementor-widget-container\">\n\t\t\t\t\t\t\t\t\t<p>Ya casi lo tienes. Ahora solo queda agendar tu <strong>entrevista gratuita<\/strong> para ver si cualificas para acceder a este programa.<\/p><p>Lo peor que puede pasar es que pases 30 minutos conmigo o alguien del equipo hablando sobre tu situaci\u00f3n actual.<\/p><p>Para poder agendar tu entrevista, s\u00f3lo basta con seleccionar el d\u00eda y la hora que mejor se ajuste a ti.<\/p>\t\t\t\t\t\t\t\t<\/div>\n\t\t\t\t<\/div>\n\t\t\t\t<div class=\"elementor-element elementor-element-641de0b elementor-widget elementor-widget-text-editor\" data-id=\"641de0b\" data-element_type=\"widget\" data-widget_type=\"text-editor.default\">\n\t\t\t\t<div class=\"elementor-widget-container\">\n\t\t\t\t\t\t\t\t\t<p>Insertar aqu\u00ed la URL de tu p\u00e1gina de Calendly<\/p>\t\t\t\t\t\t\t\t<\/div>\n\t\t\t\t<\/div>\n\t\t\t\t\t<\/div>\n\t\t<\/div>\n\t\t\t\t\t<\/div>\n\t\t<\/section>\n\t\t\t\t<section class=\"elementor-section elementor-top-section elementor-element elementor-element-7a171088 elementor-section-boxed elementor-section-height-default elementor-section-height-default\" data-id=\"7a171088\" data-element_type=\"section\" data-settings=\"{&quot;background_background&quot;:&quot;classic&quot;}\">\n\t\t\t\t\t\t<div class=\"elementor-container elementor-column-gap-default\">\n\t\t\t\t\t<div class=\"elementor-column elementor-col-100 elementor-top-column elementor-element elementor-element-5e3ebe86\" data-id=\"5e3ebe86\" data-element_type=\"column\">\n\t\t\t<div class=\"elementor-widget-wrap elementor-element-populated\">\n\t\t\t\t\t\t<div class=\"elementor-element elementor-element-2fc14bef elementor-widget-divider--view-line elementor-widget elementor-widget-divider\" data-id=\"2fc14bef\" data-element_type=\"widget\" data-widget_type=\"divider.default\">\n\t\t\t\t<div class=\"elementor-widget-container\">\n\t\t\t\t\t\t\t<div class=\"elementor-divider\">\n\t\t\t<span class=\"elementor-divider-separator\">\n\t\t\t\t\t\t<\/span>\n\t\t<\/div>\n\t\t\t\t\t\t<\/div>\n\t\t\t\t<\/div>\n\t\t\t\t<div class=\"elementor-element elementor-element-199e5fe7 elementor-widget elementor-widget-text-editor\" data-id=\"199e5fe7\" data-element_type=\"widget\" data-widget_type=\"text-editor.default\">\n\t\t\t\t<div class=\"elementor-widget-container\">\n\t\t\t\t\t\t\t\t\t<p>Copyright \u00a9 2024 Escala Tu Empresa l Pol\u00edticas de Privacidad l Pol\u00edtica de Cookies l T\u00e9rminos y condiciones<\/p>\t\t\t\t\t\t\t\t<\/div>\n\t\t\t\t<\/div>\n\t\t\t\t\t<\/div>\n\t\t<\/div>\n\t\t\t\t\t<\/div>\n\t\t<\/section>\n\t\t\t\t<\/div>\n\t\t","protected":false},"excerpt":{"rendered":"<p>Est\u00e1s a un solo paso de acceder a la formaci\u00f3n de Escala Tu Empresa Ya casi lo tienes. Ahora solo queda agendar tu entrevista gratuita para ver si cualificas para acceder a este programa. Lo peor que puede pasar es que pases 30 minutos conmigo o alguien del equipo hablando sobre tu situaci\u00f3n actual. Para [&hellip;]<\/p>\n","protected":false},"author":1,"featured_media":0,"parent":0,"menu_order":0,"comment_status":"closed","ping_status":"closed","template":"elementor_canvas","meta":{"footnotes":""},"class_list":["post-40","page","type-page","status-publish","hentry"],"_links":{"self":[{"href":"http:\/\/www.escalatuempresa.com\/index.php\/wp-json\/wp\/v2\/pages\/40","targetHints":{"allow":["GET"]}}],"collection":[{"href":"http:\/\/www.escalatuempresa.com\/index.php\/wp-json\/wp\/v2\/pages"}],"about":[{"href":"http:\/\/www.escalatuempresa.com\/index.php\/wp-json\/wp\/v2\/types\/page"}],"author":[{"embeddable":true,"href":"http:\/\/www.escalatuempresa.com\/index.php\/wp-json\/wp\/v2\/users\/1"}],"replies":[{"embeddable":true,"href":"http:\/\/www.escalatuempresa.com\/index.php\/wp-json\/wp\/v2\/comments?post=40"}],"version-history":[{"count":10,"href":"http:\/\/www.escalatuempresa.com\/index.php\/wp-json\/wp\/v2\/pages\/40\/revisions"}],"predecessor-version":[{"id":185,"href":"http:\/\/www.escalatuempresa.com\/index.php\/wp-json\/wp\/v2\/pages\/40\/revisions\/185"}],"wp:attachment":[{"href":"http:\/\/www.escalatuempresa.com\/index.php\/wp-json\/wp\/v2\/media?parent=40"}],"curies":[{"name":"wp","href":"https:\/\/api.w.org\/{rel}","templated":true}]}}